{"id":22,"date":"2020-10-20T13:20:51","date_gmt":"2020-10-20T11:20:51","guid":{"rendered":"https:\/\/ruehle.wine\/wordpress\/?page_id=22"},"modified":"2021-01-29T09:31:36","modified_gmt":"2021-01-29T07:31:36","slug":"ueber-das-weingut","status":"publish","type":"page","link":"https:\/\/www.ruehle.wine\/?page_id=22","title":{"rendered":"Geschichte"},"content":{"rendered":"<h3 class=\"sppb-addon-title\"><\/h3>\n<h3 class=\"sppb-addon-title\"><img loading=\"lazy\" decoding=\"async\" class=\"wp-image-53 size-thumbnail alignright\" src=\"https:\/\/www.ruehle.wine\/wp-content\/uploads\/2020\/10\/18342332_633406676848809_4312972462721191523_n-150x150.jpg\" alt=\"\" width=\"150\" height=\"150\" \/><\/h3>\n<div class=\"sppb-addon-content\">\n<p>Der \u00fcberwiegende Teil unserer Familie lebte seit dem Mittelalter vom Weinbau im Remstal. 2014 entschieden wir uns, die verpachteten Weinberge zur\u00fcckzunehmen und die Weine selbst auszubauen und zu vermarkten. Bereits im ersten Jahr gelang es uns u.a. durch Verringerung des Ertrags ausschlie\u00dflich Pr\u00e4dikatsweine zu erzeugen. 2016 erweiterten wir die Anbaufl\u00e4che. Trotz Verrieselung und Pilze im Fr\u00fchjahr stimmt auch in diesem Jahr die Qualit\u00e4t des Lesegutes. Es sind wiederum Pr\u00e4dikatsweine bis hin zur Auslese zu erwarten.<\/p>\n<p>Aufgrund der handwerklichen Herstellung unserer Weine entstehen individuelle Originale, die in jedem Jahr das jeweilige Bodagf\u00e4hrtle und die Witterung wiederspiegeln. Nachdem wir 2015 alle Weine konventionell anbauten, haben wir 2016 auch mit dem Bio-Weinbau begonnen.<\/p>\n<p>Herbsten im Jahr 1959 an der Schnaiter Kelter:<\/p>\n<p><img loading=\"lazy\" decoding=\"async\" class=\"alignnone wp-image-198\" src=\"https:\/\/www.ruehle.wine\/wp-content\/uploads\/2021\/01\/img009-1024x622.jpg\" alt=\"\" width=\"375\" height=\"228\" srcset=\"https:\/\/www.ruehle.wine\/wp-content\/uploads\/2021\/01\/img009-1024x622.jpg 1024w, https:\/\/www.ruehle.wine\/wp-content\/uploads\/2021\/01\/img009-300x182.jpg 300w, https:\/\/www.ruehle.wine\/wp-content\/uploads\/2021\/01\/img009-768x466.jpg 768w, https:\/\/www.ruehle.wine\/wp-content\/uploads\/2021\/01\/img009-1536x932.jpg 1536w, https:\/\/www.ruehle.wine\/wp-content\/uploads\/2021\/01\/img009-2048x1243.jpg 2048w, https:\/\/www.ruehle.wine\/wp-content\/uploads\/2021\/01\/img009-240x145.jpg 240w\" sizes=\"auto, (max-width: 375px) 100vw, 375px\" \/> \u00a0<img loading=\"lazy\" decoding=\"async\" class=\"alignnone wp-image-200\" src=\"https:\/\/www.ruehle.wine\/wp-content\/uploads\/2021\/01\/img011-300x222.jpg\" alt=\"\" width=\"309\" height=\"229\" srcset=\"https:\/\/www.ruehle.wine\/wp-content\/uploads\/2021\/01\/img011-300x222.jpg 300w, https:\/\/www.ruehle.wine\/wp-content\/uploads\/2021\/01\/img011-1024x758.jpg 1024w, https:\/\/www.ruehle.wine\/wp-content\/uploads\/2021\/01\/img011-768x569.jpg 768w, https:\/\/www.ruehle.wine\/wp-content\/uploads\/2021\/01\/img011-1536x1137.jpg 1536w, https:\/\/www.ruehle.wine\/wp-content\/uploads\/2021\/01\/img011-2048x1516.jpg 2048w\" sizes=\"auto, (max-width: 309px) 100vw, 309px\" \/>\u00a0<img loading=\"lazy\" decoding=\"async\" class=\"alignnone wp-image-201\" src=\"https:\/\/www.ruehle.wine\/wp-content\/uploads\/2021\/01\/img013-300x183.jpg\" alt=\"\" width=\"379\" height=\"231\" srcset=\"https:\/\/www.ruehle.wine\/wp-content\/uploads\/2021\/01\/img013-300x183.jpg 300w, https:\/\/www.ruehle.wine\/wp-content\/uploads\/2021\/01\/img013-1024x625.jpg 1024w, https:\/\/www.ruehle.wine\/wp-content\/uploads\/2021\/01\/img013-768x468.jpg 768w, https:\/\/www.ruehle.wine\/wp-content\/uploads\/2021\/01\/img013-1536x937.jpg 1536w, https:\/\/www.ruehle.wine\/wp-content\/uploads\/2021\/01\/img013-2048x1249.jpg 2048w, https:\/\/www.ruehle.wine\/wp-content\/uploads\/2021\/01\/img013-240x145.jpg 240w\" sizes=\"auto, (max-width: 379px) 100vw, 379px\" \/> <img loading=\"lazy\" decoding=\"async\" class=\"alignnone wp-image-206\" src=\"https:\/\/www.ruehle.wine\/wp-content\/uploads\/2021\/01\/img012-300x195.jpg\" alt=\"\" width=\"351\" height=\"228\" srcset=\"https:\/\/www.ruehle.wine\/wp-content\/uploads\/2021\/01\/img012-300x195.jpg 300w, https:\/\/www.ruehle.wine\/wp-content\/uploads\/2021\/01\/img012-1024x665.jpg 1024w, https:\/\/www.ruehle.wine\/wp-content\/uploads\/2021\/01\/img012-768x499.jpg 768w, https:\/\/www.ruehle.wine\/wp-content\/uploads\/2021\/01\/img012-1536x998.jpg 1536w, https:\/\/www.ruehle.wine\/wp-content\/uploads\/2021\/01\/img012-2048x1331.jpg 2048w\" sizes=\"auto, (max-width: 351px) 100vw, 351px\" \/> <img loading=\"lazy\" decoding=\"async\" class=\"alignnone wp-image-208\" src=\"https:\/\/www.ruehle.wine\/wp-content\/uploads\/2021\/01\/img008-300x181.jpg\" alt=\"\" width=\"378\" height=\"228\" srcset=\"https:\/\/www.ruehle.wine\/wp-content\/uploads\/2021\/01\/img008-300x181.jpg 300w, https:\/\/www.ruehle.wine\/wp-content\/uploads\/2021\/01\/img008-1024x617.jpg 1024w, https:\/\/www.ruehle.wine\/wp-content\/uploads\/2021\/01\/img008-768x463.jpg 768w, https:\/\/www.ruehle.wine\/wp-content\/uploads\/2021\/01\/img008-1536x925.jpg 1536w, https:\/\/www.ruehle.wine\/wp-content\/uploads\/2021\/01\/img008-2048x1234.jpg 2048w, https:\/\/www.ruehle.wine\/wp-content\/uploads\/2021\/01\/img008-240x145.jpg 240w\" sizes=\"auto, (max-width: 378px) 100vw, 378px\" \/> <img loading=\"lazy\" decoding=\"async\" class=\"alignnone size-medium wp-image-205\" src=\"https:\/\/www.ruehle.wine\/wp-content\/uploads\/2021\/01\/img006-192x300.jpg\" alt=\"\" width=\"192\" height=\"300\" srcset=\"https:\/\/www.ruehle.wine\/wp-content\/uploads\/2021\/01\/img006-192x300.jpg 192w, https:\/\/www.ruehle.wine\/wp-content\/uploads\/2021\/01\/img006-654x1024.jpg 654w, https:\/\/www.ruehle.wine\/wp-content\/uploads\/2021\/01\/img006-768x1202.jpg 768w, https:\/\/www.ruehle.wine\/wp-content\/uploads\/2021\/01\/img006-981x1536.jpg 981w, https:\/\/www.ruehle.wine\/wp-content\/uploads\/2021\/01\/img006-1308x2048.jpg 1308w, https:\/\/www.ruehle.wine\/wp-content\/uploads\/2021\/01\/img006-scaled.jpg 1635w\" sizes=\"auto, (max-width: 192px) 100vw, 192px\" \/> <img loading=\"lazy\" decoding=\"async\" class=\"alignnone size-medium wp-image-199\" src=\"https:\/\/www.ruehle.wine\/wp-content\/uploads\/2021\/01\/img010-191x300.jpg\" alt=\"\" width=\"191\" height=\"300\" srcset=\"https:\/\/www.ruehle.wine\/wp-content\/uploads\/2021\/01\/img010-191x300.jpg 191w, https:\/\/www.ruehle.wine\/wp-content\/uploads\/2021\/01\/img010-651x1024.jpg 651w, https:\/\/www.ruehle.wine\/wp-content\/uploads\/2021\/01\/img010-768x1208.jpg 768w, https:\/\/www.ruehle.wine\/wp-content\/uploads\/2021\/01\/img010-977x1536.jpg 977w, https:\/\/www.ruehle.wine\/wp-content\/uploads\/2021\/01\/img010-1302x2048.jpg 1302w, https:\/\/www.ruehle.wine\/wp-content\/uploads\/2021\/01\/img010-scaled.jpg 1628w\" sizes=\"auto, (max-width: 191px) 100vw, 191px\" \/>\u00a0<img loading=\"lazy\" decoding=\"async\" class=\"alignnone size-medium wp-image-202\" src=\"https:\/\/www.ruehle.wine\/wp-content\/uploads\/2021\/01\/img005-203x300.jpg\" alt=\"\" width=\"203\" height=\"300\" srcset=\"https:\/\/www.ruehle.wine\/wp-content\/uploads\/2021\/01\/img005-203x300.jpg 203w, https:\/\/www.ruehle.wine\/wp-content\/uploads\/2021\/01\/img005-692x1024.jpg 692w, https:\/\/www.ruehle.wine\/wp-content\/uploads\/2021\/01\/img005-768x1137.jpg 768w, https:\/\/www.ruehle.wine\/wp-content\/uploads\/2021\/01\/img005-1037x1536.jpg 1037w, https:\/\/www.ruehle.wine\/wp-content\/uploads\/2021\/01\/img005-1383x2048.jpg 1383w, https:\/\/www.ruehle.wine\/wp-content\/uploads\/2021\/01\/img005-scaled.jpg 1729w\" sizes=\"auto, (max-width: 203px) 100vw, 203px\" \/> <img loading=\"lazy\" decoding=\"async\" class=\"alignnone size-medium wp-image-203\" src=\"https:\/\/www.ruehle.wine\/wp-content\/uploads\/2021\/01\/img001-203x300.jpg\" alt=\"\" width=\"203\" height=\"300\" srcset=\"https:\/\/www.ruehle.wine\/wp-content\/uploads\/2021\/01\/img001-203x300.jpg 203w, https:\/\/www.ruehle.wine\/wp-content\/uploads\/2021\/01\/img001-692x1024.jpg 692w, https:\/\/www.ruehle.wine\/wp-content\/uploads\/2021\/01\/img001-768x1137.jpg 768w, https:\/\/www.ruehle.wine\/wp-content\/uploads\/2021\/01\/img001-1037x1536.jpg 1037w, https:\/\/www.ruehle.wine\/wp-content\/uploads\/2021\/01\/img001-1383x2048.jpg 1383w, https:\/\/www.ruehle.wine\/wp-content\/uploads\/2021\/01\/img001-scaled.jpg 1729w\" sizes=\"auto, (max-width: 203px) 100vw, 203px\" \/> <img loading=\"lazy\" decoding=\"async\" class=\"alignnone size-medium wp-image-204\" src=\"https:\/\/www.ruehle.wine\/wp-content\/uploads\/2021\/01\/img002-202x300.jpg\" alt=\"\" width=\"202\" height=\"300\" srcset=\"https:\/\/www.ruehle.wine\/wp-content\/uploads\/2021\/01\/img002-202x300.jpg 202w, https:\/\/www.ruehle.wine\/wp-content\/uploads\/2021\/01\/img002-689x1024.jpg 689w, https:\/\/www.ruehle.wine\/wp-content\/uploads\/2021\/01\/img002-768x1141.jpg 768w, https:\/\/www.ruehle.wine\/wp-content\/uploads\/2021\/01\/img002-1034x1536.jpg 1034w, https:\/\/www.ruehle.wine\/wp-content\/uploads\/2021\/01\/img002-1378x2048.jpg 1378w, https:\/\/www.ruehle.wine\/wp-content\/uploads\/2021\/01\/img002-scaled.jpg 1723w\" sizes=\"auto, (max-width: 202px) 100vw, 202px\" \/><\/p>\n<\/div>\n","protected":false},"excerpt":{"rendered":"<p>Der \u00fcberwiegende Teil unserer Familie lebte seit dem Mittelalter vom Weinbau im Remstal. 2014 entschieden wir uns, die verpachteten Weinberge zur\u00fcckzunehmen und die Weine selbst auszubauen und zu vermarkten. Bereits im ersten Jahr gelang es uns u.a. durch Verringerung des Ertrags ausschlie\u00dflich Pr\u00e4dikatsweine zu erzeugen. 2016 erweiterten wir die Anbaufl\u00e4che. Trotz Verrieselung und Pilze im Fr\u00fchjahr stimmt auch in diesem Jahr die Qualit\u00e4t des Lesegutes. Es sind wiederum Pr\u00e4dikatsweine bis hin zur Auslese zu erwarten. Aufgrund der handwerklichen Herstellung unserer Weine entstehen individuelle Originale, die in jedem Jahr das jeweilige Bodagf\u00e4hrtle und die Witterung wiederspiegeln. Nachdem wir 2015 alle Weine&#8230; <\/p>\n","protected":false},"author":1,"featured_media":161,"parent":0,"menu_order":0,"comment_status":"closed","ping_status":"closed","template":"","meta":{"footnotes":""},"class_list":["post-22","page","type-page","status-publish","has-post-thumbnail","hentry"],"_links":{"self":[{"href":"https:\/\/www.ruehle.wine\/index.php?rest_route=\/wp\/v2\/pages\/22","targetHints":{"allow":["GET"]}}],"collection":[{"href":"https:\/\/www.ruehle.wine\/index.php?rest_route=\/wp\/v2\/pages"}],"about":[{"href":"https:\/\/www.ruehle.wine\/index.php?rest_route=\/wp\/v2\/types\/page"}],"author":[{"embeddable":true,"href":"https:\/\/www.ruehle.wine\/index.php?rest_route=\/wp\/v2\/users\/1"}],"replies":[{"embeddable":true,"href":"https:\/\/www.ruehle.wine\/index.php?rest_route=%2Fwp%2Fv2%2Fcomments&post=22"}],"version-history":[{"count":8,"href":"https:\/\/www.ruehle.wine\/index.php?rest_route=\/wp\/v2\/pages\/22\/revisions"}],"predecessor-version":[{"id":211,"href":"https:\/\/www.ruehle.wine\/index.php?rest_route=\/wp\/v2\/pages\/22\/revisions\/211"}],"wp:featuredmedia":[{"embeddable":true,"href":"https:\/\/www.ruehle.wine\/index.php?rest_route=\/wp\/v2\/media\/161"}],"wp:attachment":[{"href":"https:\/\/www.ruehle.wine\/index.php?rest_route=%2Fwp%2Fv2%2Fmedia&parent=22"}],"curies":[{"name":"wp","href":"https:\/\/api.w.org\/{rel}","templated":true}]}}